{"id":74,"date":"2025-01-23T11:19:21","date_gmt":"2025-01-23T11:19:21","guid":{"rendered":"https:\/\/www.thibaudcouturier.fr\/?page_id=74"},"modified":"2025-02-04T15:45:37","modified_gmt":"2025-02-04T15:45:37","slug":"elementor-74","status":"publish","type":"page","link":"https:\/\/www.thibaudcouturier.fr\/index.php\/elementor-74\/","title":{"rendered":"CONCERTS"},"content":{"rendered":"\t\t<div data-elementor-type=\"wp-page\" data-elementor-id=\"74\" class=\"elementor elementor-74\">\n\t\t\t\t<div class=\"elementor-element elementor-element-b08433d e-flex e-con-boxed e-con e-parent\" data-id=\"b08433d\" data-element_type=\"container\" data-e-type=\"container\">\n\t\t\t\t\t<div class=\"e-con-inner\">\n\t\t\t\t<div class=\"elementor-element elementor-element-a838056 elementor-widget__width-inherit elementor-view-default elementor-widget elementor-widget-icon\" data-id=\"a838056\" data-element_type=\"widget\" data-e-type=\"widget\" data-widget_type=\"icon.default\">\n\t\t\t\t<div class=\"elementor-widget-container\">\n\t\t\t\t\t\t\t<div class=\"elementor-icon-wrapper\">\n\t\t\t<div class=\"elementor-icon elementor-animation-grow\">\n\t\t\t<svg aria-hidden=\"true\" class=\"e-font-icon-svg e-fas-music\" viewBox=\"0 0 512 512\" xmlns=\"http:\/\/www.w3.org\/2000\/svg\"><path d=\"M470.38 1.51L150.41 96A32 32 0 0 0 128 126.51v261.41A139 139 0 0 0 96 384c-53 0-96 28.66-96 64s43 64 96 64 96-28.66 96-64V214.32l256-75v184.61a138.4 138.4 0 0 0-32-3.93c-53 0-96 28.66-96 64s43 64 96 64 96-28.65 96-64V32a32 32 0 0 0-41.62-30.49z\"><\/path><\/svg>\t\t\t<\/div>\n\t\t<\/div>\n\t\t\t\t\t\t<\/div>\n\t\t\t\t<\/div>\n\t\t\t\t\t<\/div>\n\t\t\t\t<\/div>\n\t\t<div class=\"elementor-element elementor-element-aa6aa75 e-flex e-con-boxed e-con e-parent\" data-id=\"aa6aa75\" data-element_type=\"container\" data-e-type=\"container\">\n\t\t\t\t\t<div class=\"e-con-inner\">\n\t\t\t\t<div class=\"elementor-element elementor-element-b0b42b6 elementor-widget__width-inherit elementor-widget elementor-widget-text-editor\" data-id=\"b0b42b6\" data-element_type=\"widget\" data-e-type=\"widget\" data-widget_type=\"text-editor.default\">\n\t\t\t\t<div class=\"elementor-widget-container\">\n\t\t\t\t\t\t\t\t\t<p><strong>Retrouvez ici toutes les dates de mes concerts, \u00e9v\u00e9nements \u00e0 venir et moments inoubliables sur sc\u00e8ne.<\/strong><\/p>\t\t\t\t\t\t\t\t<\/div>\n\t\t\t\t<\/div>\n\t\t\t\t\t<\/div>\n\t\t\t\t<\/div>\n\t\t<div class=\"elementor-element elementor-element-540ae7b e-flex e-con-boxed e-con e-parent\" data-id=\"540ae7b\" data-element_type=\"container\" data-e-type=\"container\">\n\t\t\t\t\t<div class=\"e-con-inner\">\n\t\t\t\t<div class=\"elementor-element elementor-element-dd7106e elementor-widget elementor-widget-spacer\" data-id=\"dd7106e\" data-element_type=\"widget\" data-e-type=\"widget\" data-widget_type=\"spacer.default\">\n\t\t\t\t<div class=\"elementor-widget-container\">\n\t\t\t\t\t\t\t<div class=\"elementor-spacer\">\n\t\t\t<div class=\"elementor-spacer-inner\"><\/div>\n\t\t<\/div>\n\t\t\t\t\t\t<\/div>\n\t\t\t\t<\/div>\n\t\t\t\t\t<\/div>\n\t\t\t\t<\/div>\n\t\t<div class=\"elementor-element elementor-element-aa51401 e-flex e-con-boxed e-con e-parent\" data-id=\"aa51401\" data-element_type=\"container\" data-e-type=\"container\">\n\t\t\t\t\t<div class=\"e-con-inner\">\n\t\t<div class=\"elementor-element elementor-element-0d56efc e-con-full e-flex e-con e-child\" data-id=\"0d56efc\" data-element_type=\"container\" data-e-type=\"container\">\n\t\t\t\t<div class=\"elementor-element elementor-element-5a535ff elementor-widget elementor-widget-heading\" data-id=\"5a535ff\" data-element_type=\"widget\" data-e-type=\"widget\" data-widget_type=\"heading.default\">\n\t\t\t\t<div class=\"elementor-widget-container\">\n\t\t\t\t\t<h2 class=\"elementor-heading-title elementor-size-default\">En ce moment <\/h2>\t\t\t\t<\/div>\n\t\t\t\t<\/div>\n\t\t\t\t<\/div>\n\t\t\t\t\t<\/div>\n\t\t\t\t<\/div>\n\t\t<div class=\"elementor-element elementor-element-6008a6c e-flex e-con-boxed e-con e-parent\" data-id=\"6008a6c\" data-element_type=\"container\" data-e-type=\"container\">\n\t\t\t\t\t<div class=\"e-con-inner\">\n\t\t\t\t<div class=\"elementor-element elementor-element-9e83573 elementor-widget elementor-widget-image\" data-id=\"9e83573\" data-element_type=\"widget\" data-e-type=\"widget\" data-widget_type=\"image.default\">\n\t\t\t\t<div class=\"elementor-widget-container\">\n\t\t\t\t\t\t\t\t\t\t\t\t\t\t\t<img fetchpriority=\"high\" decoding=\"async\" width=\"300\" height=\"273\" src=\"https:\/\/www.thibaudcouturier.fr\/wp-content\/uploads\/2025\/01\/Couv-HORS-JE_Thibaud-Couturier-1-300x273.jpg\" class=\"attachment-medium size-medium wp-image-26\" alt=\"\" srcset=\"https:\/\/www.thibaudcouturier.fr\/wp-content\/uploads\/2025\/01\/Couv-HORS-JE_Thibaud-Couturier-1-300x273.jpg 300w, https:\/\/www.thibaudcouturier.fr\/wp-content\/uploads\/2025\/01\/Couv-HORS-JE_Thibaud-Couturier-1-1024x932.jpg 1024w, https:\/\/www.thibaudcouturier.fr\/wp-content\/uploads\/2025\/01\/Couv-HORS-JE_Thibaud-Couturier-1-768x699.jpg 768w, https:\/\/www.thibaudcouturier.fr\/wp-content\/uploads\/2025\/01\/Couv-HORS-JE_Thibaud-Couturier-1-1536x1399.jpg 1536w, https:\/\/www.thibaudcouturier.fr\/wp-content\/uploads\/2025\/01\/Couv-HORS-JE_Thibaud-Couturier-1-2048x1865.jpg 2048w\" sizes=\"(max-width: 300px) 100vw, 300px\" \/>\t\t\t\t\t\t\t\t\t\t\t\t\t\t\t<\/div>\n\t\t\t\t<\/div>\n\t\t\t\t<div class=\"elementor-element elementor-element-3f551fc elementor-widget__width-inherit elementor-widget elementor-widget-text-editor\" data-id=\"3f551fc\" data-element_type=\"widget\" data-e-type=\"widget\" data-widget_type=\"text-editor.default\">\n\t\t\t\t<div class=\"elementor-widget-container\">\n\t\t\t\t\t\t\t\t\t<p>Toulouse &#8211; 29\/03\/25<\/p><p>Mediath\u00e8que Remy Peyranne<\/p><p>Castelnau d&rsquo;Estr\u00e9tefonds &#8211; 20h en duo avec Youri (violoncelle)<\/p>\t\t\t\t\t\t\t\t<\/div>\n\t\t\t\t<\/div>\n\t\t\t\t\t<\/div>\n\t\t\t\t<\/div>\n\t\t<div class=\"elementor-element elementor-element-f2dbc03 e-flex e-con-boxed e-con e-parent\" data-id=\"f2dbc03\" data-element_type=\"container\" data-e-type=\"container\">\n\t\t\t\t\t<div class=\"e-con-inner\">\n\t\t\t\t<div class=\"elementor-element elementor-element-238a780 elementor-align-center elementor-widget__width-inherit elementor-widget elementor-widget-button\" data-id=\"238a780\" data-element_type=\"widget\" data-e-type=\"widget\" data-widget_type=\"button.default\">\n\t\t\t\t<div class=\"elementor-widget-container\">\n\t\t\t\t\t\t\t\t\t<div class=\"elementor-button-wrapper\">\n\t\t\t\t\t<a class=\"elementor-button elementor-button-link elementor-size-sm elementor-animation-grow\" href=\"https:\/\/www.thibaudcouturier.fr\/index.php\/reservez-vos-places\/\">\n\t\t\t\t\t\t<span class=\"elementor-button-content-wrapper\">\n\t\t\t\t\t\t<span class=\"elementor-button-icon\">\n\t\t\t\t<svg aria-hidden=\"true\" class=\"e-font-icon-svg e-fas-phone-alt\" viewBox=\"0 0 512 512\" xmlns=\"http:\/\/www.w3.org\/2000\/svg\"><path d=\"M497.39 361.8l-112-48a24 24 0 0 0-28 6.9l-49.6 60.6A370.66 370.66 0 0 1 130.6 204.11l60.6-49.6a23.94 23.94 0 0 0 6.9-28l-48-112A24.16 24.16 0 0 0 122.6.61l-104 24A24 24 0 0 0 0 48c0 256.5 207.9 464 464 464a24 24 0 0 0 23.4-18.6l24-104a24.29 24.29 0 0 0-14.01-27.6z\"><\/path><\/svg>\t\t\t<\/span>\n\t\t\t\t\t\t\t\t\t<span class=\"elementor-button-text\">R\u00e9server votre place maintenant !<\/span>\n\t\t\t\t\t<\/span>\n\t\t\t\t\t<\/a>\n\t\t\t\t<\/div>\n\t\t\t\t\t\t\t\t<\/div>\n\t\t\t\t<\/div>\n\t\t\t\t\t<\/div>\n\t\t\t\t<\/div>\n\t\t<div class=\"elementor-element elementor-element-4b5b972 e-flex e-con-boxed e-con e-parent\" data-id=\"4b5b972\" data-element_type=\"container\" data-e-type=\"container\">\n\t\t\t\t\t<div class=\"e-con-inner\">\n\t\t\t\t<div class=\"elementor-element elementor-element-b059ec6 elementor-widget elementor-widget-spacer\" data-id=\"b059ec6\" data-element_type=\"widget\" data-e-type=\"widget\" data-widget_type=\"spacer.default\">\n\t\t\t\t<div class=\"elementor-widget-container\">\n\t\t\t\t\t\t\t<div class=\"elementor-spacer\">\n\t\t\t<div class=\"elementor-spacer-inner\"><\/div>\n\t\t<\/div>\n\t\t\t\t\t\t<\/div>\n\t\t\t\t<\/div>\n\t\t\t\t\t<\/div>\n\t\t\t\t<\/div>\n\t\t<div class=\"elementor-element elementor-element-04f8f91 e-flex e-con-boxed e-con e-parent\" data-id=\"04f8f91\" data-element_type=\"container\" data-e-type=\"container\">\n\t\t\t\t\t<div class=\"e-con-inner\">\n\t\t\t\t<div class=\"elementor-element elementor-element-12b3ed9 elementor-widget elementor-widget-spacer\" data-id=\"12b3ed9\" data-element_type=\"widget\" data-e-type=\"widget\" data-widget_type=\"spacer.default\">\n\t\t\t\t<div class=\"elementor-widget-container\">\n\t\t\t\t\t\t\t<div class=\"elementor-spacer\">\n\t\t\t<div class=\"elementor-spacer-inner\"><\/div>\n\t\t<\/div>\n\t\t\t\t\t\t<\/div>\n\t\t\t\t<\/div>\n\t\t\t\t\t<\/div>\n\t\t\t\t<\/div>\n\t\t<div class=\"elementor-element elementor-element-f3e9853 e-flex e-con-boxed e-con e-parent\" data-id=\"f3e9853\" data-element_type=\"container\" data-e-type=\"container\">\n\t\t\t\t\t<div class=\"e-con-inner\">\n\t\t\t\t<div class=\"elementor-element elementor-element-cbd7d2f elementor-widget-divider--view-line elementor-widget elementor-widget-divider\" data-id=\"cbd7d2f\" data-element_type=\"widget\" data-e-type=\"widget\" data-widget_type=\"divider.default\">\n\t\t\t\t<div class=\"elementor-widget-container\">\n\t\t\t\t\t\t\t<div class=\"elementor-divider\">\n\t\t\t<span class=\"elementor-divider-separator\">\n\t\t\t\t\t\t<\/span>\n\t\t<\/div>\n\t\t\t\t\t\t<\/div>\n\t\t\t\t<\/div>\n\t\t\t\t\t<\/div>\n\t\t\t\t<\/div>\n\t\t<div class=\"elementor-element elementor-element-04091f6 e-flex e-con-boxed e-con e-parent\" data-id=\"04091f6\" data-element_type=\"container\" data-e-type=\"container\">\n\t\t\t\t\t<div class=\"e-con-inner\">\n\t\t\t\t<div class=\"elementor-element elementor-element-a3a735c elementor-widget__width-inherit elementor-widget elementor-widget-image\" data-id=\"a3a735c\" data-element_type=\"widget\" data-e-type=\"widget\" data-settings=\"{&quot;_animation&quot;:&quot;none&quot;}\" data-widget_type=\"image.default\">\n\t\t\t\t<div class=\"elementor-widget-container\">\n\t\t\t\t\t\t\t\t\t\t\t\t\t\t\t<img decoding=\"async\" width=\"680\" height=\"690\" src=\"https:\/\/www.thibaudcouturier.fr\/wp-content\/uploads\/2025\/01\/Couv-CD-live-Couturier-fait-son-defile-2008.png\" class=\"attachment-medium_large size-medium_large wp-image-77\" alt=\"\" srcset=\"https:\/\/www.thibaudcouturier.fr\/wp-content\/uploads\/2025\/01\/Couv-CD-live-Couturier-fait-son-defile-2008.png 737w, https:\/\/www.thibaudcouturier.fr\/wp-content\/uploads\/2025\/01\/Couv-CD-live-Couturier-fait-son-defile-2008-296x300.png 296w\" sizes=\"(max-width: 680px) 100vw, 680px\" \/>\t\t\t\t\t\t\t\t\t\t\t\t\t\t\t<\/div>\n\t\t\t\t<\/div>\n\t\t\t\t\t<\/div>\n\t\t\t\t<\/div>\n\t\t<div class=\"elementor-element elementor-element-c0d083d e-flex e-con-boxed e-con e-parent\" data-id=\"c0d083d\" data-element_type=\"container\" data-e-type=\"container\">\n\t\t\t\t\t<div class=\"e-con-inner\">\n\t\t\t\t<div class=\"elementor-element elementor-element-3c25b16 elementor-widget elementor-widget-spacer\" data-id=\"3c25b16\" data-element_type=\"widget\" data-e-type=\"widget\" data-widget_type=\"spacer.default\">\n\t\t\t\t<div class=\"elementor-widget-container\">\n\t\t\t\t\t\t\t<div class=\"elementor-spacer\">\n\t\t\t<div class=\"elementor-spacer-inner\"><\/div>\n\t\t<\/div>\n\t\t\t\t\t\t<\/div>\n\t\t\t\t<\/div>\n\t\t\t\t\t<\/div>\n\t\t\t\t<\/div>\n\t\t<div class=\"elementor-element elementor-element-1a53882 e-flex e-con-boxed e-con e-parent\" data-id=\"1a53882\" data-element_type=\"container\" data-e-type=\"container\">\n\t\t\t\t\t<div class=\"e-con-inner\">\n\t\t\t\t<div class=\"elementor-element elementor-element-48d7402 elementor-widget-divider--view-line elementor-widget elementor-widget-divider\" data-id=\"48d7402\" data-element_type=\"widget\" data-e-type=\"widget\" data-widget_type=\"divider.default\">\n\t\t\t\t<div class=\"elementor-widget-container\">\n\t\t\t\t\t\t\t<div class=\"elementor-divider\">\n\t\t\t<span class=\"elementor-divider-separator\">\n\t\t\t\t\t\t<\/span>\n\t\t<\/div>\n\t\t\t\t\t\t<\/div>\n\t\t\t\t<\/div>\n\t\t\t\t\t<\/div>\n\t\t\t\t<\/div>\n\t\t<div class=\"elementor-element elementor-element-92152b8 e-flex e-con-boxed e-con e-parent\" data-id=\"92152b8\" data-element_type=\"container\" data-e-type=\"container\">\n\t\t\t\t\t<div class=\"e-con-inner\">\n\t\t<div class=\"elementor-element elementor-element-a86c449 e-con-full e-flex e-con e-child\" data-id=\"a86c449\" data-element_type=\"container\" data-e-type=\"container\">\n\t\t\t\t<div class=\"elementor-element elementor-element-bb5c98c elementor-widget__width-inherit elementor-view-default elementor-widget elementor-widget-icon\" data-id=\"bb5c98c\" data-element_type=\"widget\" data-e-type=\"widget\" data-widget_type=\"icon.default\">\n\t\t\t\t<div class=\"elementor-widget-container\">\n\t\t\t\t\t\t\t<div class=\"elementor-icon-wrapper\">\n\t\t\t<a class=\"elementor-icon elementor-animation-shrink\" href=\"https:\/\/deezer.page.link\/vqkDBM8GV3tGREiL8\">\n\t\t\t<svg aria-hidden=\"true\" class=\"e-font-icon-svg e-fab-deezer\" viewBox=\"0 0 576 512\" xmlns=\"http:\/\/www.w3.org\/2000\/svg\"><path d=\"M451.46,244.71H576V172H451.46Zm0-173.89v72.67H576V70.82Zm0,275.06H576V273.2H451.46ZM0,447.09H124.54V374.42H0Zm150.47,0H275V374.42H150.47Zm150.52,0H425.53V374.42H301Zm150.47,0H576V374.42H451.46ZM301,345.88H425.53V273.2H301Zm-150.52,0H275V273.2H150.47Zm0-101.17H275V172H150.47Z\"><\/path><\/svg>\t\t\t<\/a>\n\t\t<\/div>\n\t\t\t\t\t\t<\/div>\n\t\t\t\t<\/div>\n\t\t\t\t<div class=\"elementor-element elementor-element-ccf151b elementor-widget__width-inherit elementor-view-default elementor-widget elementor-widget-icon\" data-id=\"ccf151b\" data-element_type=\"widget\" data-e-type=\"widget\" data-widget_type=\"icon.default\">\n\t\t\t\t<div class=\"elementor-widget-container\">\n\t\t\t\t\t\t\t<div class=\"elementor-icon-wrapper\">\n\t\t\t<a class=\"elementor-icon elementor-animation-shrink\" href=\"https:\/\/open.spotify.com\/intl-fr\/artist\/6lM9qzr3MH9P3pd4rDnRpz\">\n\t\t\t<svg aria-hidden=\"true\" class=\"e-font-icon-svg e-fab-spotify\" viewBox=\"0 0 496 512\" xmlns=\"http:\/\/www.w3.org\/2000\/svg\"><path d=\"M248 8C111.1 8 0 119.1 0 256s111.1 248 248 248 248-111.1 248-248S384.9 8 248 8zm100.7 364.9c-4.2 0-6.8-1.3-10.7-3.6-62.4-37.6-135-39.2-206.7-24.5-3.9 1-9 2.6-11.9 2.6-9.7 0-15.8-7.7-15.8-15.8 0-10.3 6.1-15.2 13.6-16.8 81.9-18.1 165.6-16.5 237 26.2 6.1 3.9 9.7 7.4 9.7 16.5s-7.1 15.4-15.2 15.4zm26.9-65.6c-5.2 0-8.7-2.3-12.3-4.2-62.5-37-155.7-51.9-238.6-29.4-4.8 1.3-7.4 2.6-11.9 2.6-10.7 0-19.4-8.7-19.4-19.4s5.2-17.8 15.5-20.7c27.8-7.8 56.2-13.6 97.8-13.6 64.9 0 127.6 16.1 177 45.5 8.1 4.8 11.3 11 11.3 19.7-.1 10.8-8.5 19.5-19.4 19.5zm31-76.2c-5.2 0-8.4-1.3-12.9-3.9-71.2-42.5-198.5-52.7-280.9-29.7-3.6 1-8.1 2.6-12.9 2.6-13.2 0-23.3-10.3-23.3-23.6 0-13.6 8.4-21.3 17.4-23.9 35.2-10.3 74.6-15.2 117.5-15.2 73 0 149.5 15.2 205.4 47.8 7.8 4.5 12.9 10.7 12.9 22.6 0 13.6-11 23.3-23.2 23.3z\"><\/path><\/svg>\t\t\t<\/a>\n\t\t<\/div>\n\t\t\t\t\t\t<\/div>\n\t\t\t\t<\/div>\n\t\t\t\t<div class=\"elementor-element elementor-element-06f28ee elementor-widget__width-inherit elementor-view-default elementor-widget elementor-widget-icon\" data-id=\"06f28ee\" data-element_type=\"widget\" data-e-type=\"widget\" data-widget_type=\"icon.default\">\n\t\t\t\t<div class=\"elementor-widget-container\">\n\t\t\t\t\t\t\t<div class=\"elementor-icon-wrapper\">\n\t\t\t<a class=\"elementor-icon elementor-animation-shrink\" href=\"https:\/\/music.apple.com\/fr\/artist\/thibaud-couturier\/297186602\">\n\t\t\t<svg aria-hidden=\"true\" class=\"e-font-icon-svg e-fab-apple\" viewBox=\"0 0 384 512\" xmlns=\"http:\/\/www.w3.org\/2000\/svg\"><path d=\"M318.7 268.7c-.2-36.7 16.4-64.4 50-84.8-18.8-26.9-47.2-41.7-84.7-44.6-35.5-2.8-74.3 20.7-88.5 20.7-15 0-49.4-19.7-76.4-19.7C63.3 141.2 4 184.8 4 273.5q0 39.3 14.4 81.2c12.8 36.7 59 126.7 107.2 125.2 25.2-.6 43-17.9 75.8-17.9 31.8 0 48.3 17.9 76.4 17.9 48.6-.7 90.4-82.5 102.6-119.3-65.2-30.7-61.7-90-61.7-91.9zm-56.6-164.2c27.3-32.4 24.8-61.9 24-72.5-24.1 1.4-52 16.4-67.9 34.9-17.5 19.8-27.8 44.3-25.6 71.9 26.1 2 49.9-11.4 69.5-34.3z\"><\/path><\/svg>\t\t\t<\/a>\n\t\t<\/div>\n\t\t\t\t\t\t<\/div>\n\t\t\t\t<\/div>\n\t\t\t\t<div class=\"elementor-element elementor-element-b10244f elementor-widget__width-inherit elementor-view-default elementor-widget elementor-widget-icon\" data-id=\"b10244f\" data-element_type=\"widget\" data-e-type=\"widget\" data-widget_type=\"icon.default\">\n\t\t\t\t<div class=\"elementor-widget-container\">\n\t\t\t\t\t\t\t<div class=\"elementor-icon-wrapper\">\n\t\t\t<a class=\"elementor-icon elementor-animation-shrink\" href=\"https:\/\/www.youtube.com\/results?search_query=thibaud+couturier\">\n\t\t\t<svg aria-hidden=\"true\" class=\"e-font-icon-svg e-fab-youtube\" viewBox=\"0 0 576 512\" xmlns=\"http:\/\/www.w3.org\/2000\/svg\"><path d=\"M549.655 124.083c-6.281-23.65-24.787-42.276-48.284-48.597C458.781 64 288 64 288 64S117.22 64 74.629 75.486c-23.497 6.322-42.003 24.947-48.284 48.597-11.412 42.867-11.412 132.305-11.412 132.305s0 89.438 11.412 132.305c6.281 23.65 24.787 41.5 48.284 47.821C117.22 448 288 448 288 448s170.78 0 213.371-11.486c23.497-6.321 42.003-24.171 48.284-47.821 11.412-42.867 11.412-132.305 11.412-132.305s0-89.438-11.412-132.305zm-317.51 213.508V175.185l142.739 81.205-142.739 81.201z\"><\/path><\/svg>\t\t\t<\/a>\n\t\t<\/div>\n\t\t\t\t\t\t<\/div>\n\t\t\t\t<\/div>\n\t\t\t\t<\/div>\n\t\t\t\t\t<\/div>\n\t\t\t\t<\/div>\n\t\t\t\t<\/div>\n\t\t","protected":false},"excerpt":{"rendered":"<p>Retrouvez ici toutes les dates de mes concerts, \u00e9v\u00e9nements \u00e0 venir et moments inoubliables sur sc\u00e8ne. En ce moment Toulouse &#8211; 29\/03\/25 Mediath\u00e8que Remy Peyranne Castelnau d&rsquo;Estr\u00e9tefonds &#8211; 20h en<\/p>\n<p class=\"more-link\"><a href=\"https:\/\/www.thibaudcouturier.fr\/index.php\/elementor-74\/\" class=\"readmore\">Continuer la lecture<span class=\"screen-reader-text\">CONCERTS<\/span><\/a><\/p>\n","protected":false},"author":1,"featured_media":7,"parent":0,"menu_order":0,"comment_status":"closed","ping_status":"closed","template":"","meta":{"footnotes":""},"class_list":["post-74","page","type-page","status-publish","has-post-thumbnail","hentry"],"_links":{"self":[{"href":"https:\/\/www.thibaudcouturier.fr\/index.php\/wp-json\/wp\/v2\/pages\/74","targetHints":{"allow":["GET"]}}],"collection":[{"href":"https:\/\/www.thibaudcouturier.fr\/index.php\/wp-json\/wp\/v2\/pages"}],"about":[{"href":"https:\/\/www.thibaudcouturier.fr\/index.php\/wp-json\/wp\/v2\/types\/page"}],"author":[{"embeddable":true,"href":"https:\/\/www.thibaudcouturier.fr\/index.php\/wp-json\/wp\/v2\/users\/1"}],"replies":[{"embeddable":true,"href":"https:\/\/www.thibaudcouturier.fr\/index.php\/wp-json\/wp\/v2\/comments?post=74"}],"version-history":[{"count":52,"href":"https:\/\/www.thibaudcouturier.fr\/index.php\/wp-json\/wp\/v2\/pages\/74\/revisions"}],"predecessor-version":[{"id":619,"href":"https:\/\/www.thibaudcouturier.fr\/index.php\/wp-json\/wp\/v2\/pages\/74\/revisions\/619"}],"wp:featuredmedia":[{"embeddable":true,"href":"https:\/\/www.thibaudcouturier.fr\/index.php\/wp-json\/wp\/v2\/media\/7"}],"wp:attachment":[{"href":"https:\/\/www.thibaudcouturier.fr\/index.php\/wp-json\/wp\/v2\/media?parent=74"}],"curies":[{"name":"wp","href":"https:\/\/api.w.org\/{rel}","templated":true}]}}