{"id":335,"date":"2025-01-28T15:27:04","date_gmt":"2025-01-28T15:27:04","guid":{"rendered":"https:\/\/www.thibaudcouturier.fr\/?page_id=335"},"modified":"2025-01-31T10:04:56","modified_gmt":"2025-01-31T10:04:56","slug":"conditions-generales-dutilisation","status":"publish","type":"page","link":"https:\/\/www.thibaudcouturier.fr\/index.php\/conditions-generales-dutilisation\/","title":{"rendered":"Conditions G\u00e9n\u00e9rales d&rsquo;Utilisation"},"content":{"rendered":"\t\t<div data-elementor-type=\"wp-page\" data-elementor-id=\"335\" class=\"elementor elementor-335\">\n\t\t\t\t<div class=\"elementor-element elementor-element-3445b42 e-flex e-con-boxed e-con e-parent\" data-id=\"3445b42\" data-element_type=\"container\" data-e-type=\"container\">\n\t\t\t\t\t<div class=\"e-con-inner\">\n\t\t\t\t<div class=\"elementor-element elementor-element-f9699f7 elementor-widget__width-inherit elementor-widget elementor-widget-text-editor\" data-id=\"f9699f7\" data-element_type=\"widget\" data-e-type=\"widget\" data-widget_type=\"text-editor.default\">\n\t\t\t\t<div class=\"elementor-widget-container\">\n\t\t\t\t\t\t\t\t\t<h3><strong>1<\/strong><\/h3><ul><li>Ce site tourne autour de Thibaud Couturier, sa vie, sa musique, ses actualit\u00e9s&#8230;\u00a0<\/li><li>En acc\u00e9dant \u00e0 ce site, vous acceptez express\u00e9ment les pr\u00e9sentes Conditions G\u00e9n\u00e9rales d&rsquo;Utilisation (CGU).<\/li><\/ul><h3><strong>2<\/strong><\/h3><ul><li>Ce site est en acc\u00e8s libre enti\u00e8rement gratuit avec possibilit\u00e9 de r\u00e9server des places de concert directement sur le site.<\/li><li>Nous nous d\u00e9responsabilisons de tout dysfonctionnement d\u00fb \u00e0 des probl\u00e8mes techniques relatifs \u00e0 votre mat\u00e9riel ou connexion Internet.<\/li><\/ul><h3><strong>3<\/strong><\/h3><ul><li>Les contenus pr\u00e9sents sur le site, y compris les textes, images, vid\u00e9os, et \u0153uvres musicales, sont prot\u00e9g\u00e9s par les droits d\u2019auteur et sont la propri\u00e9t\u00e9 exclusive de Thibaud Couturier. Toute reproduction ou utilisation sans autorisation pr\u00e9alable est interdite.<\/li><li><span style=\"font-family: var( --e-global-typography-text-font-family ), Sans-serif; font-weight: var( --e-global-typography-text-font-weight ); text-align: var(--text-align); font-size: 1.125rem;\">Mention des droits d\u2019auteur li\u00e9s aux \u0153uvres de Thibaud Couturier.<\/span><\/li><\/ul><h3><strong>4<\/strong><\/h3><ul><li>L&rsquo;utilisateur s&rsquo;engage \u00e0 utiliser ce site uniquement dans un cadre l\u00e9gal et conforme aux lois en vigueur.<\/li><li>Possibilit\u00e9 de suspension ou suppression d\u2019acc\u00e8s en cas d\u2019abus.<\/li><\/ul><h3><strong>5<\/strong><\/h3><ul><li>Les donn\u00e9es collect\u00e9es via le formulaire de contact sont utilis\u00e9es uniquement pour r\u00e9pondre \u00e0 vos demandes et ne seront pas partag\u00e9es avec des tiers, sauf si n\u00e9cessaire pour r\u00e9pondre \u00e0 une obligation l\u00e9gale.<\/li><li>Conformit\u00e9 au RGPD\u00a0<\/li><\/ul><h3><strong>6<\/strong><\/h3><ul><li>Toutes informations contenue dans ce site peuvent varier\/\u00e9voluer. Elles ne sont pas contractuelles<\/li><li>Limitation de responsabilit\u00e9 en cas de bug, indisponibilit\u00e9 du site, etc.<\/li><li>Bien que nous nous effor\u00e7ons de maintenir l&rsquo;exactitude des informations, le site peut contenir des erreurs ou des impr\u00e9cisions. Nous ne pouvons garantir une disponibilit\u00e9 continue du site.<\/li><\/ul><h3><strong>7<\/strong><\/h3><ul><li>Si des liens externes sont ajout\u00e9s \u00e0 notre site, nous ne pouvons \u00eatre tenus responsables du contenu ou des pratiques de ces sites.<\/li><\/ul><h3><strong>8<\/strong><\/h3><ul><li>Les CGU peuvent \u00eatre modifi\u00e9es \u00e0 tout moment. Toute modification sera effective d\u00e8s sa publication sur ce site. Nous vous encourageons \u00e0 consulter r\u00e9guli\u00e8rement cette page pour vous assurer que vous \u00eates inform\u00e9 des \u00e9ventuelles mises \u00e0 jour.<\/li><\/ul><h3><strong>9<\/strong><\/h3><ul><li>Aucun t\u00e9l\u00e9chargement de musique, bande sonore, ou autre contenu audiovisuel n&rsquo;est autoris\u00e9 \u00e0 partir du site, sauf autorisation expresse. Tout contenu est la propri\u00e9t\u00e9 exclusive de l&rsquo;artiste et prot\u00e9g\u00e9 par les droits d\u2019auteur.<\/li><\/ul>\t\t\t\t\t\t\t\t<\/div>\n\t\t\t\t<\/div>\n\t\t\t\t\t<\/div>\n\t\t\t\t<\/div>\n\t\t<div class=\"elementor-element elementor-element-1c7c712 e-flex e-con-boxed e-con e-parent\" data-id=\"1c7c712\" data-element_type=\"container\" data-e-type=\"container\">\n\t\t\t\t\t<div class=\"e-con-inner\">\n\t\t\t\t<div class=\"elementor-element elementor-element-f1e1862 elementor-widget-divider--view-line elementor-widget elementor-widget-divider\" data-id=\"f1e1862\" data-element_type=\"widget\" data-e-type=\"widget\" data-widget_type=\"divider.default\">\n\t\t\t\t<div class=\"elementor-widget-container\">\n\t\t\t\t\t\t\t<div class=\"elementor-divider\">\n\t\t\t<span class=\"elementor-divider-separator\">\n\t\t\t\t\t\t<\/span>\n\t\t<\/div>\n\t\t\t\t\t\t<\/div>\n\t\t\t\t<\/div>\n\t\t\t\t\t<\/div>\n\t\t\t\t<\/div>\n\t\t\t\t<\/div>\n\t\t","protected":false},"excerpt":{"rendered":"<p>1 Ce site tourne autour de Thibaud Couturier, sa vie, sa musique, ses actualit\u00e9s&#8230;\u00a0 En acc\u00e9dant \u00e0 ce site, vous acceptez express\u00e9ment les pr\u00e9sentes Conditions G\u00e9n\u00e9rales d&rsquo;Utilisation (CGU). 2 Ce<\/p>\n<p class=\"more-link\"><a href=\"https:\/\/www.thibaudcouturier.fr\/index.php\/conditions-generales-dutilisation\/\" class=\"readmore\">Continuer la lecture<span class=\"screen-reader-text\">Conditions G\u00e9n\u00e9rales d&rsquo;Utilisation<\/span><\/a><\/p>\n","protected":false},"author":1,"featured_media":297,"parent":0,"menu_order":0,"comment_status":"closed","ping_status":"closed","template":"","meta":{"footnotes":""},"class_list":["post-335","page","type-page","status-publish","has-post-thumbnail","hentry"],"_links":{"self":[{"href":"https:\/\/www.thibaudcouturier.fr\/index.php\/wp-json\/wp\/v2\/pages\/335","targetHints":{"allow":["GET"]}}],"collection":[{"href":"https:\/\/www.thibaudcouturier.fr\/index.php\/wp-json\/wp\/v2\/pages"}],"about":[{"href":"https:\/\/www.thibaudcouturier.fr\/index.php\/wp-json\/wp\/v2\/types\/page"}],"author":[{"embeddable":true,"href":"https:\/\/www.thibaudcouturier.fr\/index.php\/wp-json\/wp\/v2\/users\/1"}],"replies":[{"embeddable":true,"href":"https:\/\/www.thibaudcouturier.fr\/index.php\/wp-json\/wp\/v2\/comments?post=335"}],"version-history":[{"count":10,"href":"https:\/\/www.thibaudcouturier.fr\/index.php\/wp-json\/wp\/v2\/pages\/335\/revisions"}],"predecessor-version":[{"id":556,"href":"https:\/\/www.thibaudcouturier.fr\/index.php\/wp-json\/wp\/v2\/pages\/335\/revisions\/556"}],"wp:featuredmedia":[{"embeddable":true,"href":"https:\/\/www.thibaudcouturier.fr\/index.php\/wp-json\/wp\/v2\/media\/297"}],"wp:attachment":[{"href":"https:\/\/www.thibaudcouturier.fr\/index.php\/wp-json\/wp\/v2\/media?parent=335"}],"curies":[{"name":"wp","href":"https:\/\/api.w.org\/{rel}","templated":true}]}}