{"id":327,"date":"2025-01-28T15:24:06","date_gmt":"2025-01-28T15:24:06","guid":{"rendered":"https:\/\/www.thibaudcouturier.fr\/?page_id=327"},"modified":"2025-01-31T10:04:29","modified_gmt":"2025-01-31T10:04:29","slug":"reglement-general-sur-la-protection-des-donnees","status":"publish","type":"page","link":"https:\/\/www.thibaudcouturier.fr\/index.php\/reglement-general-sur-la-protection-des-donnees\/","title":{"rendered":"R\u00e8glement G\u00e9n\u00e9ral sur la Protection des Donn\u00e9es"},"content":{"rendered":"\t\t<div data-elementor-type=\"wp-page\" data-elementor-id=\"327\" class=\"elementor elementor-327\">\n\t\t\t\t<div class=\"elementor-element elementor-element-d79f0a5 e-flex e-con-boxed e-con e-parent\" data-id=\"d79f0a5\" data-element_type=\"container\" data-e-type=\"container\">\n\t\t\t\t\t<div class=\"e-con-inner\">\n\t\t\t\t<div class=\"elementor-element elementor-element-7acfa7b elementor-widget__width-inherit elementor-widget elementor-widget-text-editor\" data-id=\"7acfa7b\" data-element_type=\"widget\" data-e-type=\"widget\" data-widget_type=\"text-editor.default\">\n\t\t\t\t<div class=\"elementor-widget-container\">\n\t\t\t\t\t\t\t\t\t<h2><strong>1<\/strong><\/h2><p>Cette politique de confidentialit\u00e9 vise \u00e0 informer les utilisateurs du site Thibaud Couturier sur la collecte, l\u2019utilisation et la protection de leurs donn\u00e9es personnelles, conform\u00e9ment au <strong>R\u00e8glement G\u00e9n\u00e9ral sur la Protection des Donn\u00e9es (RGPD \u2013 R\u00e8glement (UE) 2016\/679)<\/strong>.<\/p><p>En utilisant ce site, vous acceptez les termes de cette politique.<\/p><h2><strong>2\u00a0<\/strong><\/h2><p>Le responsable du traitement des donn\u00e9es personnelles est :<\/p><ul><li><strong>Nom du responsable<\/strong> : Thibaud Couturier<\/li><li><strong>Email de contact<\/strong> :Via le formulaire<\/li><\/ul><h2><strong>3<\/strong><\/h2><p>Nous collectons uniquement les donn\u00e9es n\u00e9cessaires pour am\u00e9liorer l\u2019exp\u00e9rience utilisateur et fournir nos services. Les donn\u00e9es collect\u00e9es peuvent inclure :<\/p><ul><li><strong>Donn\u00e9es saisies volontairement<\/strong> : Nom, adresse e-mail, message via le formulaire de contact.<\/li><li><strong>Donn\u00e9es techniques<\/strong> : Adresse IP, navigateur utilis\u00e9, temps de visite, via les cookies (voir section 6).<\/li><\/ul><h2><strong>4<\/strong><\/h2><p>Les donn\u00e9es personnelles sont collect\u00e9es pour les finalit\u00e9s suivantes :<br \/>\u2705 R\u00e9pondre aux demandes envoy\u00e9es via le formulaire de contact.<br \/>\u2705 G\u00e9rer les inscriptions aux newsletters (si applicable).<br \/>\u2705 Permettre la r\u00e9servation de places de concert.<br \/>\u2705 Assurer la s\u00e9curit\u00e9 et le bon fonctionnement du site.<\/p><p>Les donn\u00e9es ne seront <strong>jamais vendues ou utilis\u00e9es \u00e0 des fins publicitaires<\/strong> sans consentement explicite.<\/p><h2><strong>5<\/strong><\/h2><p>Les donn\u00e9es personnelles sont conserv\u00e9es :<\/p><ul><li><strong>Donn\u00e9es du formulaire de contact<\/strong> : 12 mois apr\u00e8s la derni\u00e8re interaction.<\/li><li><strong>Donn\u00e9es techniques (cookies, logs)<\/strong> : Selon la dur\u00e9e l\u00e9gale d\u00e9finie (voir section 6).<\/li><\/ul><p>Une suppression anticip\u00e9e peut \u00eatre demand\u00e9e \u00e0 tout moment (voir section 7).<\/p><h2><strong>6<\/strong><\/h2><p>Nous utilisons des cookies pour :<br \/>\ud83c\udf6a Am\u00e9liorer la navigation et analyser les performances du site.<br \/>\ud83c\udf6a \u00c9viter de redemander les m\u00eames informations lors des visites r\u00e9p\u00e9t\u00e9es.<\/p><p>L\u2019utilisateur peut configurer son navigateur pour refuser ou supprimer les cookies via les param\u00e8tres.<\/p><h2><strong>7. Droits des utilisateurs (RGPD)<\/strong><\/h2><p>Conform\u00e9ment au RGPD, chaque utilisateur dispose des droits suivants sur ses donn\u00e9es personnelles :<br \/>\ud83d\udd39 <strong>Droit d\u2019acc\u00e8s<\/strong> : savoir quelles donn\u00e9es sont stock\u00e9es.<br \/>\ud83d\udd39 <strong>Droit de rectification<\/strong> : modifier des informations erron\u00e9es.<br \/>\ud83d\udd39 <strong>Droit \u00e0 l\u2019effacement<\/strong> : demander la suppression des donn\u00e9es.<br \/>\ud83d\udd39 <strong>Droit d\u2019opposition<\/strong> : refuser le traitement de certaines donn\u00e9es.<br \/>\ud83d\udd39 <strong>Droit \u00e0 la portabilit\u00e9<\/strong> : r\u00e9cup\u00e9rer ses donn\u00e9es sous un format lisible.<\/p><p><strong>Pour exercer ces droits<\/strong>, contactez-nous le formulaire de contacte. Nous r\u00e9pondrons sous <strong>30 jours<\/strong> conform\u00e9ment \u00e0 la r\u00e9glementation.<\/p><h2><strong>8<\/strong><\/h2><p>Nous mettons en place des mesures de s\u00e9curit\u00e9 pour prot\u00e9ger vos donn\u00e9es contre toute perte, acc\u00e8s non autoris\u00e9 ou divulgation. Toutefois, aucun syst\u00e8me n\u2019\u00e9tant infaillible, nous ne pouvons garantir une protection absolue.<\/p><h2><strong>9<\/strong><\/h2><p>Cette politique peut \u00eatre mise \u00e0 jour \u00e0 tout moment. La derni\u00e8re version sera toujours accessible sur cette page.<\/p><h2><strong>10<\/strong><\/h2><p>Pour toute question concernant la protection des donn\u00e9es, vous pouvez nous contacter via le formulaire de contacte dans la rubrique &lsquo;<strong>CONTACTEZ-MOI<\/strong>&lsquo; en bas de page.<\/p>\t\t\t\t\t\t\t\t<\/div>\n\t\t\t\t<\/div>\n\t\t\t\t\t<\/div>\n\t\t\t\t<\/div>\n\t\t<div class=\"elementor-element elementor-element-417e820 e-flex e-con-boxed e-con e-parent\" data-id=\"417e820\" data-element_type=\"container\" data-e-type=\"container\">\n\t\t\t\t\t<div class=\"e-con-inner\">\n\t\t\t\t<div class=\"elementor-element elementor-element-bb6c5d0 elementor-widget-divider--view-line elementor-widget elementor-widget-divider\" data-id=\"bb6c5d0\" data-element_type=\"widget\" data-e-type=\"widget\" data-widget_type=\"divider.default\">\n\t\t\t\t<div class=\"elementor-widget-container\">\n\t\t\t\t\t\t\t<div class=\"elementor-divider\">\n\t\t\t<span class=\"elementor-divider-separator\">\n\t\t\t\t\t\t<\/span>\n\t\t<\/div>\n\t\t\t\t\t\t<\/div>\n\t\t\t\t<\/div>\n\t\t\t\t\t<\/div>\n\t\t\t\t<\/div>\n\t\t\t\t<\/div>\n\t\t","protected":false},"excerpt":{"rendered":"<p>1 Cette politique de confidentialit\u00e9 vise \u00e0 informer les utilisateurs du site Thibaud Couturier sur la collecte, l\u2019utilisation et la protection de leurs donn\u00e9es personnelles, conform\u00e9ment au R\u00e8glement G\u00e9n\u00e9ral sur<\/p>\n<p class=\"more-link\"><a href=\"https:\/\/www.thibaudcouturier.fr\/index.php\/reglement-general-sur-la-protection-des-donnees\/\" class=\"readmore\">Continuer la lecture<span class=\"screen-reader-text\">R\u00e8glement G\u00e9n\u00e9ral sur la Protection des Donn\u00e9es<\/span><\/a><\/p>\n","protected":false},"author":1,"featured_media":297,"parent":0,"menu_order":0,"comment_status":"closed","ping_status":"closed","template":"","meta":{"footnotes":""},"class_list":["post-327","page","type-page","status-publish","has-post-thumbnail","hentry"],"_links":{"self":[{"href":"https:\/\/www.thibaudcouturier.fr\/index.php\/wp-json\/wp\/v2\/pages\/327","targetHints":{"allow":["GET"]}}],"collection":[{"href":"https:\/\/www.thibaudcouturier.fr\/index.php\/wp-json\/wp\/v2\/pages"}],"about":[{"href":"https:\/\/www.thibaudcouturier.fr\/index.php\/wp-json\/wp\/v2\/types\/page"}],"author":[{"embeddable":true,"href":"https:\/\/www.thibaudcouturier.fr\/index.php\/wp-json\/wp\/v2\/users\/1"}],"replies":[{"embeddable":true,"href":"https:\/\/www.thibaudcouturier.fr\/index.php\/wp-json\/wp\/v2\/comments?post=327"}],"version-history":[{"count":16,"href":"https:\/\/www.thibaudcouturier.fr\/index.php\/wp-json\/wp\/v2\/pages\/327\/revisions"}],"predecessor-version":[{"id":553,"href":"https:\/\/www.thibaudcouturier.fr\/index.php\/wp-json\/wp\/v2\/pages\/327\/revisions\/553"}],"wp:featuredmedia":[{"embeddable":true,"href":"https:\/\/www.thibaudcouturier.fr\/index.php\/wp-json\/wp\/v2\/media\/297"}],"wp:attachment":[{"href":"https:\/\/www.thibaudcouturier.fr\/index.php\/wp-json\/wp\/v2\/media?parent=327"}],"curies":[{"name":"wp","href":"https:\/\/api.w.org\/{rel}","templated":true}]}}