{"id":320,"date":"2025-01-28T14:52:48","date_gmt":"2025-01-28T14:52:48","guid":{"rendered":"https:\/\/www.thibaudcouturier.fr\/?page_id=320"},"modified":"2025-01-31T10:00:03","modified_gmt":"2025-01-31T10:00:03","slug":"mentions-legales","status":"publish","type":"page","link":"https:\/\/www.thibaudcouturier.fr\/index.php\/mentions-legales\/","title":{"rendered":"Mentions L\u00e9gales"},"content":{"rendered":"\t\t<div data-elementor-type=\"wp-page\" data-elementor-id=\"320\" class=\"elementor elementor-320\">\n\t\t\t\t<div class=\"elementor-element elementor-element-50e87c9 e-flex e-con-boxed e-con e-parent\" data-id=\"50e87c9\" data-element_type=\"container\" data-e-type=\"container\">\n\t\t\t\t\t<div class=\"e-con-inner\">\n\t\t\t\t<div class=\"elementor-element elementor-element-db1e8c9 elementor-widget__width-inherit elementor-widget elementor-widget-text-editor\" data-id=\"db1e8c9\" data-element_type=\"widget\" data-e-type=\"widget\" data-widget_type=\"text-editor.default\">\n\t\t\t\t<div class=\"elementor-widget-container\">\n\t\t\t\t\t\t\t\t\t<h2><strong>1<\/strong><\/h2><ul><li><strong>Nom du site<\/strong> : Thibaud Couturier<\/li><li><strong>URL du site<\/strong> : <a href=\"https:\/\/www.thibaudcouturier.fr\/\">thibaudcouturier.fr<\/a><\/li><li><strong>Responsable de la publication<\/strong> : Zen Multimedia<\/li><li><strong>Email de contact<\/strong> : [Ton Email]<\/li><\/ul><h2><strong>2<\/strong><\/h2><ul><li style=\"list-style-type: none;\"><ul><li><strong>Nom de l\u2019h\u00e9bergeur<\/strong> : OVH.com<\/li><li><strong>Adresse de l\u2019h\u00e9bergeur<\/strong> : 2 rue Kellermann, 59100 Roubaix, France<\/li><li><strong>T\u00e9l\u00e9phone de l\u2019h\u00e9bergeur<\/strong> :\u00a009 72 10 10 07<\/li><\/ul><\/li><\/ul><h2>3<\/h2><p>Tout le contenu pr\u00e9sent sur ce site (textes, images, musiques, vid\u00e9os, graphismes) est <strong>prot\u00e9g\u00e9 par les droits d\u2019auteur<\/strong> et appartient exclusivement \u00e0 <strong>Thibaud Couturier<\/strong>, sauf mention contraire.<\/p><p><strong>Interdictions<\/strong> :<br \/>Toute reproduction, modification ou diffusion, m\u00eame partielle, est strictement interdite sans autorisation pr\u00e9alable.<\/p><p>L\u2019utilisateur ne peut en aucun cas t\u00e9l\u00e9charger les musiques ou bandes sonores sans accord \u00e9crit.<\/p><p><strong>Autorisation<\/strong> :<br \/>Le partage des articles et actualit\u00e9s est autoris\u00e9 \u00e0 condition de mentionner <strong>la source et un lien vers le site<\/strong>.<\/p><h2><strong>4<\/strong><\/h2><p>Le site collecte certaines donn\u00e9es personnelles uniquement pour :<br \/>Les formulaires de contact et d\u2019inscription aux newsletters.<br \/>La gestion des r\u00e9servations de concerts (si applicable).<br \/>Les cookies \u00e0 des fins d\u2019analyse statistique (Google Analytics, etc.).<\/p><p><strong>Vos droits<\/strong> :<br \/>Conform\u00e9ment au <strong>RGPD<\/strong>, chaque utilisateur peut demander :<\/p><ul><li>L\u2019acc\u00e8s \u00e0 ses donn\u00e9es,<\/li><li>Leur modification, suppression ou portabilit\u00e9,<\/li><li>La limitation de leur traitement.<\/li><\/ul><p><strong>Pour exercer ces droits<\/strong>, contactez-nous via le formulaire de contact.<\/p><p>Pour plus d\u2019informations, consultez notre Politique de confidentialit\u00e9.<\/p><h2><strong>5<\/strong><\/h2><p>Le site utilise des <strong>cookies<\/strong> pour am\u00e9liorer l\u2019exp\u00e9rience utilisateur. Vous pouvez les accepter ou les refuser via le pop-up affich\u00e9 \u00e0 votre premi\u00e8re visite.<\/p><p><strong>Gestion des cookies<\/strong> :<br \/>Vous pouvez modifier vos pr\u00e9f\u00e9rences \u00e0 tout moment dans les <strong>param\u00e8tres de votre navigateur<\/strong>.<\/p><h2><strong>6<\/strong><\/h2><p>Nous faisons de notre mieux pour garantir l\u2019exactitude des informations publi\u00e9es sur ce site, mais nous ne pouvons \u00eatre tenus responsables des erreurs, omissions ou indisponibilit\u00e9s temporaires du site.<\/p><p><strong>Exon\u00e9ration de responsabilit\u00e9<\/strong> :<\/p><ul><li>Nous ne sommes pas responsables des <strong>pannes techniques<\/strong> ou de l\u2019indisponibilit\u00e9 du site.<\/li><li>Nous ne garantissons pas que toutes les informations sont <strong>exactes \u00e0 100 %<\/strong>.<\/li><li>Nous ne sommes pas responsables des <strong>liens externes<\/strong> pointant vers d\u2019autres sites.<\/li><\/ul><h2><strong>7<\/strong><\/h2><p>Ces mentions l\u00e9gales peuvent \u00eatre mises \u00e0 jour <strong>\u00e0 tout moment<\/strong>. Nous encourageons les utilisateurs \u00e0 les consulter r\u00e9guli\u00e8rement.<\/p><h2><strong>8<\/strong><\/h2><p>\ud83d\udce7 <strong>Email<\/strong> : Via le formulaire de contact dans la rubrique &lsquo;<a href=\"https:\/\/www.thibaudcouturier.fr\/index.php\/contactez-moi\/\"><strong>CONTACTEZ-MOI<\/strong><\/a>&lsquo;.<\/p>\t\t\t\t\t\t\t\t<\/div>\n\t\t\t\t<\/div>\n\t\t\t\t<div class=\"elementor-element elementor-element-cd9d86e elementor-widget__width-initial elementor-widget elementor-widget-image\" data-id=\"cd9d86e\" data-element_type=\"widget\" data-e-type=\"widget\" data-widget_type=\"image.default\">\n\t\t\t\t<div class=\"elementor-widget-container\">\n\t\t\t\t\t\t\t\t\t\t\t\t\t\t\t<img fetchpriority=\"high\" decoding=\"async\" width=\"680\" height=\"303\" src=\"https:\/\/www.thibaudcouturier.fr\/wp-content\/uploads\/2025\/01\/logo-1-1024x456.jpg\" class=\"attachment-large size-large wp-image-542\" alt=\"\" srcset=\"https:\/\/www.thibaudcouturier.fr\/wp-content\/uploads\/2025\/01\/logo-1-1024x456.jpg 1024w, https:\/\/www.thibaudcouturier.fr\/wp-content\/uploads\/2025\/01\/logo-1-300x134.jpg 300w, https:\/\/www.thibaudcouturier.fr\/wp-content\/uploads\/2025\/01\/logo-1-768x342.jpg 768w, https:\/\/www.thibaudcouturier.fr\/wp-content\/uploads\/2025\/01\/logo-1.jpg 1300w\" sizes=\"(max-width: 680px) 100vw, 680px\" \/>\t\t\t\t\t\t\t\t\t\t\t\t\t\t\t<\/div>\n\t\t\t\t<\/div>\n\t\t\t\t\t<\/div>\n\t\t\t\t<\/div>\n\t\t<div class=\"elementor-element elementor-element-3611d57 e-flex e-con-boxed e-con e-parent\" data-id=\"3611d57\" data-element_type=\"container\" data-e-type=\"container\">\n\t\t\t\t\t<div class=\"e-con-inner\">\n\t\t\t\t<div class=\"elementor-element elementor-element-c96611f elementor-widget-divider--view-line elementor-widget elementor-widget-divider\" data-id=\"c96611f\" data-element_type=\"widget\" data-e-type=\"widget\" data-widget_type=\"divider.default\">\n\t\t\t\t<div class=\"elementor-widget-container\">\n\t\t\t\t\t\t\t<div class=\"elementor-divider\">\n\t\t\t<span class=\"elementor-divider-separator\">\n\t\t\t\t\t\t<\/span>\n\t\t<\/div>\n\t\t\t\t\t\t<\/div>\n\t\t\t\t<\/div>\n\t\t\t\t\t<\/div>\n\t\t\t\t<\/div>\n\t\t\t\t<\/div>\n\t\t","protected":false},"excerpt":{"rendered":"<p>1 Nom du site : Thibaud Couturier URL du site : thibaudcouturier.fr Responsable de la publication : Zen Multimedia Email de contact : [Ton Email] 2 Nom de l\u2019h\u00e9bergeur :<\/p>\n<p class=\"more-link\"><a href=\"https:\/\/www.thibaudcouturier.fr\/index.php\/mentions-legales\/\" class=\"readmore\">Continuer la lecture<span class=\"screen-reader-text\">Mentions L\u00e9gales<\/span><\/a><\/p>\n","protected":false},"author":1,"featured_media":297,"parent":0,"menu_order":0,"comment_status":"closed","ping_status":"closed","template":"","meta":{"footnotes":""},"class_list":["post-320","page","type-page","status-publish","has-post-thumbnail","hentry"],"_links":{"self":[{"href":"https:\/\/www.thibaudcouturier.fr\/index.php\/wp-json\/wp\/v2\/pages\/320","targetHints":{"allow":["GET"]}}],"collection":[{"href":"https:\/\/www.thibaudcouturier.fr\/index.php\/wp-json\/wp\/v2\/pages"}],"about":[{"href":"https:\/\/www.thibaudcouturier.fr\/index.php\/wp-json\/wp\/v2\/types\/page"}],"author":[{"embeddable":true,"href":"https:\/\/www.thibaudcouturier.fr\/index.php\/wp-json\/wp\/v2\/users\/1"}],"replies":[{"embeddable":true,"href":"https:\/\/www.thibaudcouturier.fr\/index.php\/wp-json\/wp\/v2\/comments?post=320"}],"version-history":[{"count":16,"href":"https:\/\/www.thibaudcouturier.fr\/index.php\/wp-json\/wp\/v2\/pages\/320\/revisions"}],"predecessor-version":[{"id":548,"href":"https:\/\/www.thibaudcouturier.fr\/index.php\/wp-json\/wp\/v2\/pages\/320\/revisions\/548"}],"wp:featuredmedia":[{"embeddable":true,"href":"https:\/\/www.thibaudcouturier.fr\/index.php\/wp-json\/wp\/v2\/media\/297"}],"wp:attachment":[{"href":"https:\/\/www.thibaudcouturier.fr\/index.php\/wp-json\/wp\/v2\/media?parent=320"}],"curies":[{"name":"wp","href":"https:\/\/api.w.org\/{rel}","templated":true}]}}